{"id":77,"date":"2026-04-06T19:48:47","date_gmt":"2026-04-06T19:48:47","guid":{"rendered":"https:\/\/uruamerica.com\/plugins\/?post_type=product&#038;p=77"},"modified":"2026-04-07T14:50:09","modified_gmt":"2026-04-07T14:50:09","slug":"wp-consolidado-pedidos","status":"publish","type":"product","link":"https:\/\/uruamerica.com\/plugins\/producto\/wp-consolidado-pedidos\/","title":{"rendered":"WP consolidado pedidos para WooCommerce"},"content":{"rendered":"","protected":false},"excerpt":{"rendered":"<p>Consolida los productos de m\u00faltiples pedidos de WooCommerce en un rango de fechas y hora determinado. Perfecto para preparar mercader\u00eda y despachos de m\u00faltiples pedidos.<\/p>\n<ul>\n<li>Incluye 6 meses de soporte t\u00e9cnico completo<\/li>\n<\/ul>\n","protected":false},"featured_media":19,"comment_status":"open","ping_status":"closed","template":"","meta":{"_et_pb_use_builder":"","_et_pb_old_content":"","_et_gb_content_width":""},"product_brand":[],"product_cat":[17],"product_tag":[],"class_list":{"0":"post-77","1":"product","2":"type-product","3":"status-publish","4":"has-post-thumbnail","6":"product_cat-plugins","8":"first","9":"instock","10":"downloadable","11":"virtual","12":"purchasable","13":"product-type-simple"},"_links":{"self":[{"href":"https:\/\/uruamerica.com\/plugins\/wp-json\/wp\/v2\/product\/77","targetHints":{"allow":["GET"]}}],"collection":[{"href":"https:\/\/uruamerica.com\/plugins\/wp-json\/wp\/v2\/product"}],"about":[{"href":"https:\/\/uruamerica.com\/plugins\/wp-json\/wp\/v2\/types\/product"}],"replies":[{"embeddable":true,"href":"https:\/\/uruamerica.com\/plugins\/wp-json\/wp\/v2\/comments?post=77"}],"wp:featuredmedia":[{"embeddable":true,"href":"https:\/\/uruamerica.com\/plugins\/wp-json\/wp\/v2\/media\/19"}],"wp:attachment":[{"href":"https:\/\/uruamerica.com\/plugins\/wp-json\/wp\/v2\/media?parent=77"}],"wp:term":[{"taxonomy":"product_brand","embeddable":true,"href":"https:\/\/uruamerica.com\/plugins\/wp-json\/wp\/v2\/product_brand?post=77"},{"taxonomy":"product_cat","embeddable":true,"href":"https:\/\/uruamerica.com\/plugins\/wp-json\/wp\/v2\/product_cat?post=77"},{"taxonomy":"product_tag","embeddable":true,"href":"https:\/\/uruamerica.com\/plugins\/wp-json\/wp\/v2\/product_tag?post=77"}],"curies":[{"name":"wp","href":"https:\/\/api.w.org\/{rel}","templated":true}]}}